{"id":893,"date":"2025-12-12T11:03:39","date_gmt":"2025-12-12T10:03:39","guid":{"rendered":"https:\/\/chateau-champion.com\/boutique\/?post_type=product&#038;p=893"},"modified":"2025-12-12T11:04:20","modified_gmt":"2025-12-12T10:04:20","slug":"coffret-celebration","status":"publish","type":"product","link":"https:\/\/chateau-champion.com\/boutique\/produit\/coffret-celebration\/","title":{"rendered":"Coffret c\u00e9l\u00e9bration"},"content":{"rendered":"<p>Pour un repas complet tout en harmonie et en convivialit\u00e9, ce coffret in\u00e9dit associe trois vins compl\u00e9mentaires du domaine, soigneusement s\u00e9lectionn\u00e9s pour accompagner l&#8217;ensemble d&#8217;un repas festif :<\/p>\n<ul>\n<li>Ch\u00e2teau haute Terrasse 2019, AOC Castillon C\u00f4tes-de-Bordeaux, pour sublimer votre entr\u00e9e,<\/li>\n<li>Ch\u00e2teau Champion 2019, Saint-\u00c9milion Grand Cru, pour accompagner votre plat principal,<\/li>\n<li>La Ros\u00e9e de Champion pour terminer le repas sur la fra\u00eecheur et la l\u00e9g\u00e8ret\u00e9 fruit\u00e9e.<\/li>\n<\/ul>\n<p>Une composition id\u00e9ale pour recevoir, c\u00e9l\u00e9brer ou offrir.<\/p>\n<ul>\n<li><strong>Ch\u00e2teau Haute Terrasse 2019,<\/strong> vin id\u00e9al pour accompagner vos entr\u00e9es<br \/>\nRobe rubis \u00e9clatante, expression de fruits rouges et tanins souples : un vin convivial, pr\u00e9cis et gourmand. Issu du mill\u00e9sime 2019 \u2014 l&#8217;une des plus belles ann\u00e9es r\u00e9centes \u2014 il offre une belle structure sans lourdeur.<\/li>\n<\/ul>\n<p>Il accompagnera aussi bien des tartares de saumon ou de thon, des carpaccios de boeuf ou de veau, des rillettes de canards que des terrines de campagne ou p\u00e2t\u00e9 en cro\u00fbte, salade p\u00e9rigourdine ou landaise et des feuillet\u00e9s maison<br \/>\nUn rouge charmeur et accessible pour d\u00e9buter le repas tout en \u00e9l\u00e9gance.<\/p>\n<ul>\n<li><strong>Ch\u00e2teau Champion 2019,<\/strong> l&#8217;accord prestigieux pour le plat principal<br \/>\nUn vin complet, structur\u00e9, ample et fruit\u00e9, typique de son terroir argilo-calcaire. Le mill\u00e9sime 2019 se distingue par sa profondeur, sa longueur et ses tanins parfaitement m\u00fbrs.<\/li>\n<\/ul>\n<p>Il saura sublimer vos magrets de canards r\u00f4tis ou vos filets de boeufs en sauce, mais aussi des risottos aux c\u00e8pes ou aux truffes et m\u00eame vos tajines d&#8217;agneau aux pruneaux, sans oublier l&#8217;iconique entrec\u00f4te grill\u00e9e au sarment avec ses \u00e9chalotes.<br \/>\nUn Saint-\u00c9milion Grand Cru id\u00e9al pour la gastronomie et les plats de f\u00eate.<\/p>\n<ul>\n<li><strong>La Ros\u00e9e de Champion,<\/strong> la touche fra\u00eecheur\u00a0 pour le dessert<br \/>\nUn ros\u00e9 gourmand au style r\u00e9solument plaisir. Sa robe d\u00e9licate pr\u00e9c\u00e8de un nez charmeur domin\u00e9 par les ar\u00f4mes de fraise et de framboise. En bouche, il se distingue par un fruit\u00e9 expressif et une l\u00e9g\u00e8re note sucr\u00e9e qui apporte rondeur et douceur sans alourdir la d\u00e9gustation. \u00c0 appr\u00e9cier bien frais pour r\u00e9v\u00e9ler toute sa vivacit\u00e9 et son caract\u00e8re fruit\u00e9.<\/li>\n<\/ul>\n<p>Il accordera une touche de douceur \u00e0 vos tartes aux fruits rouges, tiramisu aux framboises, salade de fruits frais, cheesecakes citron-framboise, crumble fraise-rhubarbe.<br \/>\nUn ros\u00e9 \u00e9l\u00e9gant, s\u00e9duisant et facile \u00e0 boire, parfait pour terminer un repas festif en d\u00e9licatesse.<\/p>\n","protected":false},"excerpt":{"rendered":"<p>Un coffret festif de 6 bouteilles : 2 Ros\u00e9es de Champion, 2 Ch\u00e2teau Haute Terrasse 2019 et 2 Ch\u00e2teau Champion 2019.<br \/>\nUne s\u00e9lection parfaite pour accompagner tout un repas :<br \/>\n-&gt; Ch\u00e2teau Haute Terrasse pour l&#8217;entr\u00e9e,<br \/>\n-&gt; Ch\u00e2teau Champion pour sublimer le plat principal,<br \/>\n-&gt; Ros\u00e9e de Champion pour un dessert fruit\u00e9 et frais.<\/p>\n<p>Accords gourmands et ambiance conviviale assur\u00e9e.<\/p>\n","protected":false},"featured_media":860,"template":"","meta":{"_acf_changed":false},"product_cat":[51],"product_tag":[49],"acf":[],"_links":{"self":[{"href":"https:\/\/chateau-champion.com\/boutique\/wp-json\/wp\/v2\/product\/893"}],"collection":[{"href":"https:\/\/chateau-champion.com\/boutique\/wp-json\/wp\/v2\/product"}],"about":[{"href":"https:\/\/chateau-champion.com\/boutique\/wp-json\/wp\/v2\/types\/product"}],"wp:featuredmedia":[{"embeddable":true,"href":"https:\/\/chateau-champion.com\/boutique\/wp-json\/wp\/v2\/media\/860"}],"wp:attachment":[{"href":"https:\/\/chateau-champion.com\/boutique\/wp-json\/wp\/v2\/media?parent=893"}],"wp:term":[{"taxonomy":"product_cat","embeddable":true,"href":"https:\/\/chateau-champion.com\/boutique\/wp-json\/wp\/v2\/product_cat?post=893"},{"taxonomy":"product_tag","embeddable":true,"href":"https:\/\/chateau-champion.com\/boutique\/wp-json\/wp\/v2\/product_tag?post=893"}],"curies":[{"name":"wp","href":"https:\/\/api.w.org\/{rel}","templated":true}]}}