{"id":889,"date":"2025-12-12T10:28:00","date_gmt":"2025-12-12T09:28:00","guid":{"rendered":"https:\/\/chateau-champion.com\/boutique\/?post_type=product&#038;p=889"},"modified":"2025-12-12T10:28:00","modified_gmt":"2025-12-12T09:28:00","slug":"coffret-excellente-verticale","status":"publish","type":"product","link":"https:\/\/chateau-champion.com\/boutique\/produit\/coffret-excellente-verticale\/","title":{"rendered":"Coffret Excellente Verticale"},"content":{"rendered":"<p>D\u00e9couvrez un coffret d&#8217;exception r\u00e9unissant six mill\u00e9simes diff\u00e9rents de la prestigieuse Cuv\u00e9e Excellence, s\u00e9lection parcellaire issue de nos vieilles vignes qui saura exprimer la quintessence de notre savoir-faire. Cette verticale unique offre un v\u00e9ritable voyage sensoriel \u00e0 travers le temps, r\u00e9v\u00e9lant l&#8217;\u00e9volution, la profondeur et la complexit\u00e9 de l&#8217;un des plus grands vin du domaine.<\/p>\n<p>Cette cuv\u00e9e, \u00e9labor\u00e9e \u00e0 partir des meilleurs raisins et d&#8217;un tri rigoureux, se traduit par une concentration exceptionnelle,\u00a0 une texture velout\u00e9e, une profondeur aromatique remarquable, un \u00e9levage long et soign\u00e9 en barriques neuves, et un potentiel de garde d\u00e9passant 15 \u00e0 20 ans.<\/p>\n<p>Chaque mill\u00e9sime apporte sa personnalit\u00e9 tout en conservant la signature du domaine : \u00e9quilibre, pr\u00e9cision et \u00e9l\u00e9gance.<\/p>\n<p>Cette s\u00e9lection permet d&#8217;explorer l&#8217;\u00e9volution des ar\u00f4mes au fil des ann\u00e9es, la mani\u00e8re dont chaque mill\u00e9sime exprime le terroir, la maturit\u00e9 progressive des tanins, la complexit\u00e9 croissante des notes tertiaires.<br \/>\nUne exp\u00e9rience de d\u00e9gustation rare, id\u00e9ale pour les connaisseurs, les clubs de d\u00e9gustation ou les amateurs de grandes \u00e9motions \u0153nologiques.<\/p>\n","protected":false},"excerpt":{"rendered":"<p>Un coffret prestige de 6 Cuv\u00e9e Excellence, chacune d&#8217;une mill\u00e9sime diff\u00e9rent. Une verticale rare offrant un voyage sensoriel \u00e0 travers la quintessence du domaine : puissance, finesse, profondeur et \u00e9l\u00e9gance.<\/p>\n<p>Un coffret exceptionnel, pour les amateurs et les collectionneurs.<\/p>\n<p>\u00c9dition tr\u00e8s limit\u00e9e,\u00a0 2 coffrets disponibles.<\/p>\n","protected":false},"featured_media":892,"template":"","meta":{"_acf_changed":false},"product_cat":[51],"product_tag":[49],"acf":[],"_links":{"self":[{"href":"https:\/\/chateau-champion.com\/boutique\/wp-json\/wp\/v2\/product\/889"}],"collection":[{"href":"https:\/\/chateau-champion.com\/boutique\/wp-json\/wp\/v2\/product"}],"about":[{"href":"https:\/\/chateau-champion.com\/boutique\/wp-json\/wp\/v2\/types\/product"}],"wp:featuredmedia":[{"embeddable":true,"href":"https:\/\/chateau-champion.com\/boutique\/wp-json\/wp\/v2\/media\/892"}],"wp:attachment":[{"href":"https:\/\/chateau-champion.com\/boutique\/wp-json\/wp\/v2\/media?parent=889"}],"wp:term":[{"taxonomy":"product_cat","embeddable":true,"href":"https:\/\/chateau-champion.com\/boutique\/wp-json\/wp\/v2\/product_cat?post=889"},{"taxonomy":"product_tag","embeddable":true,"href":"https:\/\/chateau-champion.com\/boutique\/wp-json\/wp\/v2\/product_tag?post=889"}],"curies":[{"name":"wp","href":"https:\/\/api.w.org\/{rel}","templated":true}]}}