{"id":726,"date":"2024-10-19T16:17:37","date_gmt":"2024-10-19T14:17:37","guid":{"rendered":"https:\/\/chateau-champion.com\/boutique\/?post_type=product&#038;p=726"},"modified":"2025-12-11T13:51:42","modified_gmt":"2025-12-11T12:51:42","slug":"coffret-3-terroirs","status":"publish","type":"product","link":"https:\/\/chateau-champion.com\/boutique\/produit\/coffret-3-terroirs\/","title":{"rendered":"Coffret 3 Terroirs"},"content":{"rendered":"<p>Plongez au c\u0153ur du vignoble familial Bourrigaud, aujourd&#8217;hui conduite en agriculture biologique : Une valeur s\u00fbre pour les amateurs de grands vins du Bordelais.<\/p>\n<p>Ce coffret 3 Terroirs r\u00e9unit 6 bouteilles du m\u00eame mill\u00e9sime provenant de trois domaines embl\u00e9matiques :<\/p>\n<ul>\n<li>2 bouteilles de Ch\u00e2teau Champion &#8211; la puissance et l&#8217;ampleur d&#8217;un Saint-\u00c9milion Grand Cru.<br \/>\nId\u00e9al pour accompagner gibiers, viandes rouges, fromages cors\u00e9s et desserts au chocolat noir.<\/li>\n<li>2 bouteilles de Ch\u00e2teau Vieux Grand Faurie &#8211; l&#8217;\u00e9l\u00e9gance et la finesse.<br \/>\nParfait avec des viandes blanches r\u00f4ties, fromages affin\u00e9s ou plats d\u00e9licats.<\/li>\n<li>2 bouteilles de Ch\u00e2teau Haute Terrasse &#8211; la fra\u00eecheur et le fruit\u00e9 du Castillon.<br \/>\nSe marie avec les plats du terroir, volailles r\u00f4ties et accompagnements charcuteries.<\/li>\n<\/ul>\n<p>Ce coffret saura ravir les curieux et il sublimera tous les repas de prestige ou les d\u00e9gustations entre amateurs de vin.<\/p>\n<p>Servez ces vins \u00e0 18\u00b0C environ, avec un carafage recommand\u00e9 pour les Saint-\u00c9milion Grands Cru afin qu&#8217;ils puissent exprimer pleinement leurs ar\u00f4mes.<\/p>\n","protected":false},"excerpt":{"rendered":"<p>Ce coffret comprend ces 6 bouteilles du mill\u00e9sime choisi :<\/p>\n<p>2 bouteilles de Ch\u00e2teau Champion (St \u00c9milion Grand Cru)<\/p>\n<p>2 bouteilles de Ch\u00e2teau Vieux Grand Faurie (St \u00c9milion Grand Cru)<\/p>\n<p>2 bouteilles de Ch\u00e2teau Haute Terrasse (Castillon C\u00f4tes-de-Bordeaux)<\/p>\n","protected":false},"featured_media":862,"template":"","meta":{"_acf_changed":false},"product_cat":[51],"product_tag":[49],"acf":[],"_links":{"self":[{"href":"https:\/\/chateau-champion.com\/boutique\/wp-json\/wp\/v2\/product\/726"}],"collection":[{"href":"https:\/\/chateau-champion.com\/boutique\/wp-json\/wp\/v2\/product"}],"about":[{"href":"https:\/\/chateau-champion.com\/boutique\/wp-json\/wp\/v2\/types\/product"}],"wp:featuredmedia":[{"embeddable":true,"href":"https:\/\/chateau-champion.com\/boutique\/wp-json\/wp\/v2\/media\/862"}],"wp:attachment":[{"href":"https:\/\/chateau-champion.com\/boutique\/wp-json\/wp\/v2\/media?parent=726"}],"wp:term":[{"taxonomy":"product_cat","embeddable":true,"href":"https:\/\/chateau-champion.com\/boutique\/wp-json\/wp\/v2\/product_cat?post=726"},{"taxonomy":"product_tag","embeddable":true,"href":"https:\/\/chateau-champion.com\/boutique\/wp-json\/wp\/v2\/product_tag?post=726"}],"curies":[{"name":"wp","href":"https:\/\/api.w.org\/{rel}","templated":true}]}}