{"id":724,"date":"2024-10-19T15:37:31","date_gmt":"2024-10-19T13:37:31","guid":{"rendered":"https:\/\/chateau-champion.com\/boutique\/?post_type=product&#038;p=724"},"modified":"2025-12-11T14:51:16","modified_gmt":"2025-12-11T13:51:16","slug":"coffret-bio","status":"publish","type":"product","link":"https:\/\/chateau-champion.com\/boutique\/produit\/coffret-bio\/","title":{"rendered":"Coffret BIO"},"content":{"rendered":"<p>D\u00e9couvrez un coffret 100% bio de 6 bouteilles r\u00e9unissant Ch\u00e2teau Champion, Cuv\u00e9e Excellence (vieilles vignes de Ch\u00e2teau Champion) et Ch\u00e2teau Vieux Grand Faurie, trois expressions prestigieuses du vignoble familial Bourrigaud \u00e0 Saint-\u00c9milion.<\/p>\n<p>Disponible par mill\u00e9sime (2021, 2022 ou 2023) ou en coffret vertical (2 bouteilles de chaque mill\u00e9sime), ce coffret permet d&#8217;explorer \u00e0 la fois l&#8217;\u00e9l\u00e9gance, la finesse et la puissance ma\u00eetris\u00e9e des vins du domaine.<\/p>\n<p>Un cadeau raffin\u00e9 pour amateurs \u00e9clair\u00e9s et passionn\u00e9s de terroirs.<\/p>\n","protected":false},"excerpt":{"rendered":"<p>Ce coffret comprend au choix:<\/p>\n<p>2 bouteilles de Ch\u00e2teau Vieux Grand Faurie<\/p>\n<p>2 bouteilles de Ch\u00e2teau Champion<\/p>\n<p>2 bouteilles de Cuv\u00e9e Excellence (vieilles Vignes du Ch\u00e2teau Champion et 100% merlot)<\/p>\n<p>ou bien un coffret de d\u00e9gustation vertical avec :<\/p>\n<p>2 bouteilles des mill\u00e9simes BIO 2021, 2022 et 2023 de chaque cuv\u00e9e.<\/p>\n","protected":false},"featured_media":863,"template":"","meta":{"_acf_changed":false},"product_cat":[51],"product_tag":[49],"acf":[],"_links":{"self":[{"href":"https:\/\/chateau-champion.com\/boutique\/wp-json\/wp\/v2\/product\/724"}],"collection":[{"href":"https:\/\/chateau-champion.com\/boutique\/wp-json\/wp\/v2\/product"}],"about":[{"href":"https:\/\/chateau-champion.com\/boutique\/wp-json\/wp\/v2\/types\/product"}],"wp:featuredmedia":[{"embeddable":true,"href":"https:\/\/chateau-champion.com\/boutique\/wp-json\/wp\/v2\/media\/863"}],"wp:attachment":[{"href":"https:\/\/chateau-champion.com\/boutique\/wp-json\/wp\/v2\/media?parent=724"}],"wp:term":[{"taxonomy":"product_cat","embeddable":true,"href":"https:\/\/chateau-champion.com\/boutique\/wp-json\/wp\/v2\/product_cat?post=724"},{"taxonomy":"product_tag","embeddable":true,"href":"https:\/\/chateau-champion.com\/boutique\/wp-json\/wp\/v2\/product_tag?post=724"}],"curies":[{"name":"wp","href":"https:\/\/api.w.org\/{rel}","templated":true}]}}