{"id":49,"date":"2024-05-21T10:07:47","date_gmt":"2024-05-21T08:07:47","guid":{"rendered":"https:\/\/chateau-champion.com\/eboutique\/?post_type=product&#038;p=49"},"modified":"2026-04-14T16:53:31","modified_gmt":"2026-04-14T14:53:31","slug":"chateau-champion","status":"publish","type":"product","link":"https:\/\/chateau-champion.com\/boutique\/produit\/chateau-champion\/","title":{"rendered":"Ch\u00e2teau Champion"},"content":{"rendered":"","protected":false},"excerpt":{"rendered":"<p>Le Ch\u00e2teau Champion repr\u00e9sente\u00a07 hectares r\u00e9partis sur un terroir\u00a0argilo-calcaire. Il produit des vins charnus et complexes, aux ar\u00f4mes de fruits noirs m\u00fbres, cassis et aux d\u00e9licates notes d\u2019\u00e9pices, pouvant \u00e9voluer sur du cuir, du sous-bois \u00e0 maturit\u00e9.<\/p>\n","protected":false},"featured_media":50,"template":"","meta":{"_acf_changed":false},"product_cat":[20],"product_tag":[],"acf":[],"_links":{"self":[{"href":"https:\/\/chateau-champion.com\/boutique\/wp-json\/wp\/v2\/product\/49"}],"collection":[{"href":"https:\/\/chateau-champion.com\/boutique\/wp-json\/wp\/v2\/product"}],"about":[{"href":"https:\/\/chateau-champion.com\/boutique\/wp-json\/wp\/v2\/types\/product"}],"wp:featuredmedia":[{"embeddable":true,"href":"https:\/\/chateau-champion.com\/boutique\/wp-json\/wp\/v2\/media\/50"}],"wp:attachment":[{"href":"https:\/\/chateau-champion.com\/boutique\/wp-json\/wp\/v2\/media?parent=49"}],"wp:term":[{"taxonomy":"product_cat","embeddable":true,"href":"https:\/\/chateau-champion.com\/boutique\/wp-json\/wp\/v2\/product_cat?post=49"},{"taxonomy":"product_tag","embeddable":true,"href":"https:\/\/chateau-champion.com\/boutique\/wp-json\/wp\/v2\/product_tag?post=49"}],"curies":[{"name":"wp","href":"https:\/\/api.w.org\/{rel}","templated":true}]}}