{"id":47,"date":"2024-05-21T10:06:41","date_gmt":"2024-05-21T08:06:41","guid":{"rendered":"https:\/\/chateau-champion.com\/eboutique\/?post_type=product&#038;p=47"},"modified":"2025-10-01T09:32:02","modified_gmt":"2025-10-01T07:32:02","slug":"chateau-vieux-grand-faurie","status":"publish","type":"product","link":"https:\/\/chateau-champion.com\/boutique\/produit\/chateau-vieux-grand-faurie\/","title":{"rendered":"Ch\u00e2teau Vieux Grand Faurie"},"content":{"rendered":"","protected":false},"excerpt":{"rendered":"<p>Le Ch\u00e2teau Vieux Grand Faurie couvre une\u00a0superficie de 5 hectares sur des sables anciens et\u00a0graveleux. Il produit des vins g\u00e9n\u00e9reux,\u00a0souples \u00e9l\u00e9gants aux ar\u00f4mes de fruits rouges. Il\u00a0poss\u00e8de un nez tr\u00e8s d\u00e9velopp\u00e9 et une robe satin\u00e9e.<\/p>\n","protected":false},"featured_media":48,"template":"","meta":{"_acf_changed":false},"product_cat":[20],"product_tag":[],"acf":[],"_links":{"self":[{"href":"https:\/\/chateau-champion.com\/boutique\/wp-json\/wp\/v2\/product\/47"}],"collection":[{"href":"https:\/\/chateau-champion.com\/boutique\/wp-json\/wp\/v2\/product"}],"about":[{"href":"https:\/\/chateau-champion.com\/boutique\/wp-json\/wp\/v2\/types\/product"}],"wp:featuredmedia":[{"embeddable":true,"href":"https:\/\/chateau-champion.com\/boutique\/wp-json\/wp\/v2\/media\/48"}],"wp:attachment":[{"href":"https:\/\/chateau-champion.com\/boutique\/wp-json\/wp\/v2\/media?parent=47"}],"wp:term":[{"taxonomy":"product_cat","embeddable":true,"href":"https:\/\/chateau-champion.com\/boutique\/wp-json\/wp\/v2\/product_cat?post=47"},{"taxonomy":"product_tag","embeddable":true,"href":"https:\/\/chateau-champion.com\/boutique\/wp-json\/wp\/v2\/product_tag?post=47"}],"curies":[{"name":"wp","href":"https:\/\/api.w.org\/{rel}","templated":true}]}}