{"id":45,"date":"2024-05-21T10:05:12","date_gmt":"2024-05-21T08:05:12","guid":{"rendered":"https:\/\/chateau-champion.com\/eboutique\/?post_type=product&#038;p=45"},"modified":"2025-10-01T09:34:39","modified_gmt":"2025-10-01T07:34:39","slug":"chateau-haute-terrasse","status":"publish","type":"product","link":"https:\/\/chateau-champion.com\/boutique\/produit\/chateau-haute-terrasse\/","title":{"rendered":"Ch\u00e2teau Haute-Terrasse"},"content":{"rendered":"","protected":false},"excerpt":{"rendered":"<p>Cette propri\u00e9t\u00e9 repr\u00e9sente 8 hectares bien situ\u00e9s sur\u00a0des coteaux argilo-calcaires dans la continuit\u00e9 des\u00a0coteaux de St-Emilion.\u00a0 Notre terroir produit g\u00e9n\u00e9ralement des vins rouges\u00a0rubis \u00e9l\u00e9gants avec des ar\u00f4mes de petits fruits\u00a0rouges. Ses tanins sont souples et fins, ce qui lui\u00a0permet d\u2019\u00eatre savour\u00e9 dans les 5 \u00e0 8 ans.<\/p>\n<p>Ce vin accompagnera \u00e0 merveille l&#8217;ensemble de vos plats, de la charcuterie au fromage, en passant par les poissons gras (saumon, truite,&#8230;), les po\u00eal\u00e9s de l\u00e9gumes et m\u00eame vos desserts au chocolat.<\/p>\n","protected":false},"featured_media":46,"template":"","meta":{"_acf_changed":false},"product_cat":[20],"product_tag":[],"acf":[],"_links":{"self":[{"href":"https:\/\/chateau-champion.com\/boutique\/wp-json\/wp\/v2\/product\/45"}],"collection":[{"href":"https:\/\/chateau-champion.com\/boutique\/wp-json\/wp\/v2\/product"}],"about":[{"href":"https:\/\/chateau-champion.com\/boutique\/wp-json\/wp\/v2\/types\/product"}],"wp:featuredmedia":[{"embeddable":true,"href":"https:\/\/chateau-champion.com\/boutique\/wp-json\/wp\/v2\/media\/46"}],"wp:attachment":[{"href":"https:\/\/chateau-champion.com\/boutique\/wp-json\/wp\/v2\/media?parent=45"}],"wp:term":[{"taxonomy":"product_cat","embeddable":true,"href":"https:\/\/chateau-champion.com\/boutique\/wp-json\/wp\/v2\/product_cat?post=45"},{"taxonomy":"product_tag","embeddable":true,"href":"https:\/\/chateau-champion.com\/boutique\/wp-json\/wp\/v2\/product_tag?post=45"}],"curies":[{"name":"wp","href":"https:\/\/api.w.org\/{rel}","templated":true}]}}