{"id":43,"date":"2024-05-21T10:02:26","date_gmt":"2024-05-21T08:02:26","guid":{"rendered":"https:\/\/chateau-champion.com\/eboutique\/?post_type=product&#038;p=43"},"modified":"2025-12-12T10:33:29","modified_gmt":"2025-12-12T09:33:29","slug":"la-rosee-de-champion","status":"publish","type":"product","link":"https:\/\/chateau-champion.com\/boutique\/produit\/la-rosee-de-champion\/","title":{"rendered":"La Ros\u00e9e de Champion"},"content":{"rendered":"<p>Un vin ros\u00e9 de saign\u00e9e (mac\u00e9ration des peaux pendant quelques heures dans le jus) d&#8217;appellation Vin de France, 100% merlot, fruit\u00e9 et l\u00e9g\u00e8rement sucr\u00e9, avec des notes subtiles de fraise et de framboise.<\/p>\n<p>\u00c0 d\u00e9guster frais dans l&#8217;ann\u00e9e, en ap\u00e9ritif seul, sur des salades estivales comme des salades c\u00e9sars et des salades de fruits.<\/p>\n","protected":false},"excerpt":{"rendered":"<p>Un vin ros\u00e9 100% merlot aux ar\u00f4mes de framboises fra\u00eeches et une fin de bouche en douceur, qui s&#8217;appr\u00e9cie aussi bien en ap\u00e9ritif, qu&#8217;en accompagnement de salades, grillades ou m\u00eame pizzas.<\/p>\n<p>Pour une meilleure d\u00e9gustation, ce vin doit \u00eatre servi tr\u00e8s frais et se d\u00e9gustera dans l&#8217;ann\u00e9e.<\/p>\n","protected":false},"featured_media":44,"template":"","meta":{"_acf_changed":false},"product_cat":[20],"product_tag":[],"acf":[],"_links":{"self":[{"href":"https:\/\/chateau-champion.com\/boutique\/wp-json\/wp\/v2\/product\/43"}],"collection":[{"href":"https:\/\/chateau-champion.com\/boutique\/wp-json\/wp\/v2\/product"}],"about":[{"href":"https:\/\/chateau-champion.com\/boutique\/wp-json\/wp\/v2\/types\/product"}],"wp:featuredmedia":[{"embeddable":true,"href":"https:\/\/chateau-champion.com\/boutique\/wp-json\/wp\/v2\/media\/44"}],"wp:attachment":[{"href":"https:\/\/chateau-champion.com\/boutique\/wp-json\/wp\/v2\/media?parent=43"}],"wp:term":[{"taxonomy":"product_cat","embeddable":true,"href":"https:\/\/chateau-champion.com\/boutique\/wp-json\/wp\/v2\/product_cat?post=43"},{"taxonomy":"product_tag","embeddable":true,"href":"https:\/\/chateau-champion.com\/boutique\/wp-json\/wp\/v2\/product_tag?post=43"}],"curies":[{"name":"wp","href":"https:\/\/api.w.org\/{rel}","templated":true}]}}