{"id":41,"date":"2024-05-21T10:00:19","date_gmt":"2024-05-21T08:00:19","guid":{"rendered":"https:\/\/chateau-champion.com\/eboutique\/?post_type=product&#038;p=41"},"modified":"2026-04-09T14:45:25","modified_gmt":"2026-04-09T12:45:25","slug":"cuvee-excellence","status":"publish","type":"product","link":"https:\/\/chateau-champion.com\/boutique\/produit\/cuvee-excellence\/","title":{"rendered":"Cuv\u00e9e Excellence"},"content":{"rendered":"","protected":false},"excerpt":{"rendered":"<p>La Cuv\u00e9e Excellence de Ch\u00e2teau Champion est issue d\u2019une parcelle ayant une moyenne d\u2019\u00e2ge de 80 ans et est constitu\u00e9e \u00e0 100% de Merlot. C\u2019est un vin complexe, riche en couleur et tanins, \u00e9lev\u00e9 en barriques neuves de ch\u00eane fran\u00e7ais, qui permettra de le conserver entre 10 et 15 ans.<\/p>\n","protected":false},"featured_media":42,"template":"","meta":{"_acf_changed":false},"product_cat":[20],"product_tag":[],"acf":[],"_links":{"self":[{"href":"https:\/\/chateau-champion.com\/boutique\/wp-json\/wp\/v2\/product\/41"}],"collection":[{"href":"https:\/\/chateau-champion.com\/boutique\/wp-json\/wp\/v2\/product"}],"about":[{"href":"https:\/\/chateau-champion.com\/boutique\/wp-json\/wp\/v2\/types\/product"}],"wp:featuredmedia":[{"embeddable":true,"href":"https:\/\/chateau-champion.com\/boutique\/wp-json\/wp\/v2\/media\/42"}],"wp:attachment":[{"href":"https:\/\/chateau-champion.com\/boutique\/wp-json\/wp\/v2\/media?parent=41"}],"wp:term":[{"taxonomy":"product_cat","embeddable":true,"href":"https:\/\/chateau-champion.com\/boutique\/wp-json\/wp\/v2\/product_cat?post=41"},{"taxonomy":"product_tag","embeddable":true,"href":"https:\/\/chateau-champion.com\/boutique\/wp-json\/wp\/v2\/product_tag?post=41"}],"curies":[{"name":"wp","href":"https:\/\/api.w.org\/{rel}","templated":true}]}}