{"id":162,"date":"2024-05-30T09:52:37","date_gmt":"2024-05-30T07:52:37","guid":{"rendered":"https:\/\/chateau-champion.com\/eboutique\/?post_type=product&#038;p=162"},"modified":"2025-12-11T15:22:48","modified_gmt":"2025-12-11T14:22:48","slug":"coffret-gourmand","status":"publish","type":"product","link":"https:\/\/chateau-champion.com\/boutique\/produit\/coffret-gourmand\/","title":{"rendered":"Coffret gourmand"},"content":{"rendered":"<p>Un coffret pens\u00e9 pour les amoureux de fra\u00eecheur, de convivialit\u00e9 et de gourmandise. Il associe la Ros\u00e9e de Champion, vif et aromatique, \u00e0 la cuv\u00e9e rouge de Ch\u00e2teau Haute Terrasse, expressive et fruit\u00e9.<\/p>\n<p>Un assortiment parfait pour accompagner repas d&#8217;\u00e9t\u00e9, ap\u00e9ritifs, grillades et moments partag\u00e9s.<\/p>\n","protected":false},"excerpt":{"rendered":"<p>Ce coffret comprend:<\/p>\n<p>3 bouteilles de &#8220;La Ros\u00e9e de Champion&#8221;, AOC Vin de France<\/p>\n<p>3 bouteilles du Ch\u00e2teau Haute Terrasse 2019, AOC Castillon-C\u00f4tes-de-Bordeaux<\/p>\n","protected":false},"featured_media":888,"template":"","meta":{"_acf_changed":false},"product_cat":[51],"product_tag":[49],"acf":[],"_links":{"self":[{"href":"https:\/\/chateau-champion.com\/boutique\/wp-json\/wp\/v2\/product\/162"}],"collection":[{"href":"https:\/\/chateau-champion.com\/boutique\/wp-json\/wp\/v2\/product"}],"about":[{"href":"https:\/\/chateau-champion.com\/boutique\/wp-json\/wp\/v2\/types\/product"}],"wp:featuredmedia":[{"embeddable":true,"href":"https:\/\/chateau-champion.com\/boutique\/wp-json\/wp\/v2\/media\/888"}],"wp:attachment":[{"href":"https:\/\/chateau-champion.com\/boutique\/wp-json\/wp\/v2\/media?parent=162"}],"wp:term":[{"taxonomy":"product_cat","embeddable":true,"href":"https:\/\/chateau-champion.com\/boutique\/wp-json\/wp\/v2\/product_cat?post=162"},{"taxonomy":"product_tag","embeddable":true,"href":"https:\/\/chateau-champion.com\/boutique\/wp-json\/wp\/v2\/product_tag?post=162"}],"curies":[{"name":"wp","href":"https:\/\/api.w.org\/{rel}","templated":true}]}}