{"id":105,"date":"2024-05-21T15:38:19","date_gmt":"2024-05-21T13:38:19","guid":{"rendered":"https:\/\/chateau-champion.com\/eboutique\/?post_type=product&#038;p=105"},"modified":"2025-12-12T10:33:52","modified_gmt":"2025-12-12T09:33:52","slug":"la-rosee-de-champion-6-bouteilles","status":"publish","type":"product","link":"https:\/\/chateau-champion.com\/boutique\/produit\/la-rosee-de-champion-6-bouteilles\/","title":{"rendered":"La Ros\u00e9e de Champion (x6)"},"content":{"rendered":"","protected":false},"excerpt":{"rendered":"<p>Un vin ros\u00e9 100% merlot aux ar\u00f4mes de framboises fra\u00eeches et une fin de bouche en douceur, qui s&#8217;appr\u00e9cie aussi bien en ap\u00e9ritif, qu&#8217;en accompagnement de salades, grillades ou m\u00eame pizzas.<\/p>\n<p>Pour une meilleure d\u00e9gustation, ce vin doit \u00eatre servi tr\u00e8s frais et se d\u00e9gustera dans l&#8217;ann\u00e9e.<\/p>\n","protected":false},"featured_media":106,"template":"","meta":{"_acf_changed":false},"product_cat":[20],"product_tag":[49],"acf":[],"_links":{"self":[{"href":"https:\/\/chateau-champion.com\/boutique\/wp-json\/wp\/v2\/product\/105"}],"collection":[{"href":"https:\/\/chateau-champion.com\/boutique\/wp-json\/wp\/v2\/product"}],"about":[{"href":"https:\/\/chateau-champion.com\/boutique\/wp-json\/wp\/v2\/types\/product"}],"wp:featuredmedia":[{"embeddable":true,"href":"https:\/\/chateau-champion.com\/boutique\/wp-json\/wp\/v2\/media\/106"}],"wp:attachment":[{"href":"https:\/\/chateau-champion.com\/boutique\/wp-json\/wp\/v2\/media?parent=105"}],"wp:term":[{"taxonomy":"product_cat","embeddable":true,"href":"https:\/\/chateau-champion.com\/boutique\/wp-json\/wp\/v2\/product_cat?post=105"},{"taxonomy":"product_tag","embeddable":true,"href":"https:\/\/chateau-champion.com\/boutique\/wp-json\/wp\/v2\/product_tag?post=105"}],"curies":[{"name":"wp","href":"https:\/\/api.w.org\/{rel}","templated":true}]}}